{"id":224,"date":"2021-04-24T10:22:15","date_gmt":"2021-04-24T10:22:15","guid":{"rendered":"https:\/\/signformecfs.de\/?page_id=224"},"modified":"2021-10-12T12:28:48","modified_gmt":"2021-10-12T12:28:48","slug":"anleitung-online-mitzeichnung","status":"publish","type":"page","link":"https:\/\/signformecfs.de\/?page_id=224","title":{"rendered":"Anleitung: Online-Mitzeichnung"},"content":{"rendered":"\n<p>Der Petitionsausschuss des Deutschen Bundestages unterh\u00e4lt eine offizielle Internetplattform, auf der in wenigen Minuten die Mitzeichnung unserer Petition m\u00f6glich ist. Auf dieser Seite werden die hierf\u00fcr erforderlichen Schritte der Reihe nach ausf\u00fchrlich erl\u00e4utert. Die Petitions-Plattform des Bundestages ist \u00fcber diesen Link zu finden: <a href=\"https:\/\/epetitionen.bundestag.de\/\" target=\"_blank\" rel=\"noreferrer noopener\"><strong>epetitionen.bundestag.de<\/strong><\/a><\/p>\n\n\n\n<h2 class=\"wp-block-heading\">Schritt 1<\/h2>\n\n\n\n<p>Zun\u00e4chst ist eine <strong>Registrierung <\/strong>erforderlich. Dieser Prozess wird durch Klick auf &#8222;<strong>Anmelden<\/strong>&#8220; begonnen. <\/p>\n\n\n\n<p><em>Falls Sie bereits \u00fcber ein pers\u00f6nliches Nutzerkonto f\u00fcr die Petitions-Plattform des Deutschen Bundestages verf\u00fcgen, k\u00f6nnen die folgenden Schritte 2 bis 5 ausgelassen werden (stattdessen geht es dann direkt weiter mit <a href=\"#step6\" data-type=\"internal\" data-id=\"#step6\">Schritt 6<\/a>).<\/em><\/p>\n\n\n\n<figure class=\"wp-block-gallery columns-2 is-cropped wp-block-gallery-1 is-layout-flex wp-block-gallery-is-layout-flex\"><ul class=\"blocks-gallery-grid\"><li class=\"blocks-gallery-item\"><figure><a href=\"https:\/\/signformecfs.de\/wp-content\/uploads\/2021\/04\/Schritt-1-gross-700.png\"><img loading=\"lazy\" decoding=\"async\" width=\"700\" height=\"438\" src=\"https:\/\/signformecfs.de\/wp-content\/uploads\/2021\/04\/Schritt-1-gross-700.png\" alt=\"\" data-id=\"236\" data-full-url=\"https:\/\/signformecfs.de\/wp-content\/uploads\/2021\/04\/Schritt-1-gross-700.png\" data-link=\"https:\/\/signformecfs.de\/?attachment_id=236\" class=\"wp-image-236\" srcset=\"https:\/\/signformecfs.de\/wp-content\/uploads\/2021\/04\/Schritt-1-gross-700.png 700w, https:\/\/signformecfs.de\/wp-content\/uploads\/2021\/04\/Schritt-1-gross-700-300x188.png 300w\" sizes=\"auto, (max-width: 700px) 100vw, 700px\" \/><\/a><\/figure><\/li><li class=\"blocks-gallery-item\"><figure><a href=\"https:\/\/signformecfs.de\/wp-content\/uploads\/2021\/04\/Schritt-1-klein.png\"><img loading=\"lazy\" decoding=\"async\" width=\"700\" height=\"438\" src=\"https:\/\/signformecfs.de\/wp-content\/uploads\/2021\/04\/Schritt-1-klein.png\" alt=\"\" data-id=\"237\" data-full-url=\"https:\/\/signformecfs.de\/wp-content\/uploads\/2021\/04\/Schritt-1-klein.png\" data-link=\"https:\/\/signformecfs.de\/?attachment_id=237\" class=\"wp-image-237\" srcset=\"https:\/\/signformecfs.de\/wp-content\/uploads\/2021\/04\/Schritt-1-klein.png 700w, https:\/\/signformecfs.de\/wp-content\/uploads\/2021\/04\/Schritt-1-klein-300x188.png 300w\" sizes=\"auto, (max-width: 700px) 100vw, 700px\" \/><\/a><\/figure><\/li><\/ul><\/figure>\n\n\n\n<h2 class=\"wp-block-heading\">Schritt 2<\/h2>\n\n\n\n<p>Nun erscheint die Seite &#8222;Anmelden\/Registrieren&#8220;. Die Registrierung beginnt mit Klick auf die Schaltfl\u00e4che &#8222;<strong>Ich bin neu hier<\/strong>&#8222;.<\/p>\n\n\n\n<figure class=\"wp-block-gallery columns-2 is-cropped wp-block-gallery-2 is-layout-flex wp-block-gallery-is-layout-flex\"><ul class=\"blocks-gallery-grid\"><li class=\"blocks-gallery-item\"><figure><a href=\"https:\/\/signformecfs.de\/wp-content\/uploads\/2021\/04\/Schritt-3-gross-700.png\"><img loading=\"lazy\" decoding=\"async\" width=\"700\" height=\"438\" src=\"https:\/\/signformecfs.de\/wp-content\/uploads\/2021\/04\/Schritt-3-gross-700.png\" alt=\"\" data-id=\"255\" data-link=\"https:\/\/signformecfs.de\/?attachment_id=255\" class=\"wp-image-255\" srcset=\"https:\/\/signformecfs.de\/wp-content\/uploads\/2021\/04\/Schritt-3-gross-700.png 700w, https:\/\/signformecfs.de\/wp-content\/uploads\/2021\/04\/Schritt-3-gross-700-300x188.png 300w\" sizes=\"auto, (max-width: 700px) 100vw, 700px\" \/><\/a><\/figure><\/li><li class=\"blocks-gallery-item\"><figure><a href=\"https:\/\/signformecfs.de\/wp-content\/uploads\/2021\/04\/Schritt-3-klein.png\"><img loading=\"lazy\" decoding=\"async\" width=\"700\" height=\"438\" src=\"https:\/\/signformecfs.de\/wp-content\/uploads\/2021\/04\/Schritt-3-klein.png\" alt=\"\" data-id=\"256\" data-full-url=\"https:\/\/signformecfs.de\/wp-content\/uploads\/2021\/04\/Schritt-3-klein.png\" data-link=\"https:\/\/signformecfs.de\/?attachment_id=256\" class=\"wp-image-256\" srcset=\"https:\/\/signformecfs.de\/wp-content\/uploads\/2021\/04\/Schritt-3-klein.png 700w, https:\/\/signformecfs.de\/wp-content\/uploads\/2021\/04\/Schritt-3-klein-300x188.png 300w\" sizes=\"auto, (max-width: 700px) 100vw, 700px\" \/><\/a><\/figure><\/li><\/ul><\/figure>\n\n\n\n<h2 class=\"wp-block-heading\">Schritt 3<\/h2>\n\n\n\n<p>Im daraufhin angezeigten Formular m\u00fcssen alle mit einem Sternchen (*) markierten Felder ausgef\u00fcllt bzw. angekreuzt werden. Ist das geschehen, k\u00f6nnen die Angaben am Ende der Seite durch einen Klick auf die Schaltfl\u00e4che &#8222;Jetzt registrieren&#8220; abgeschickt werden.<\/p>\n\n\n\n<figure class=\"wp-block-gallery columns-2 is-cropped wp-block-gallery-3 is-layout-flex wp-block-gallery-is-layout-flex\"><ul class=\"blocks-gallery-grid\"><li class=\"blocks-gallery-item\"><figure><a href=\"https:\/\/signformecfs.de\/wp-content\/uploads\/2021\/04\/Schritt-4-gross-700.png\"><img loading=\"lazy\" decoding=\"async\" width=\"700\" height=\"438\" src=\"https:\/\/signformecfs.de\/wp-content\/uploads\/2021\/04\/Schritt-4-gross-700.png\" alt=\"\" data-id=\"259\" data-link=\"https:\/\/signformecfs.de\/?attachment_id=259\" class=\"wp-image-259\" srcset=\"https:\/\/signformecfs.de\/wp-content\/uploads\/2021\/04\/Schritt-4-gross-700.png 700w, https:\/\/signformecfs.de\/wp-content\/uploads\/2021\/04\/Schritt-4-gross-700-300x188.png 300w\" sizes=\"auto, (max-width: 700px) 100vw, 700px\" \/><\/a><\/figure><\/li><li class=\"blocks-gallery-item\"><figure><a href=\"https:\/\/signformecfs.de\/wp-content\/uploads\/2021\/04\/Schritt-4-klein.png\"><img loading=\"lazy\" decoding=\"async\" width=\"700\" height=\"438\" src=\"https:\/\/signformecfs.de\/wp-content\/uploads\/2021\/04\/Schritt-4-klein.png\" alt=\"\" data-id=\"260\" data-full-url=\"https:\/\/signformecfs.de\/wp-content\/uploads\/2021\/04\/Schritt-4-klein.png\" data-link=\"https:\/\/signformecfs.de\/?attachment_id=260\" class=\"wp-image-260\" srcset=\"https:\/\/signformecfs.de\/wp-content\/uploads\/2021\/04\/Schritt-4-klein.png 700w, https:\/\/signformecfs.de\/wp-content\/uploads\/2021\/04\/Schritt-4-klein-300x188.png 300w\" sizes=\"auto, (max-width: 700px) 100vw, 700px\" \/><\/a><\/figure><\/li><\/ul><\/figure>\n\n\n\n<h2 class=\"wp-block-heading\">Schritt 4<\/h2>\n\n\n\n<p>Nach der Aktion in Schritt 3 erhalten Sie vom Petitionsausschuss eine automatisch generierte E-Mail nach dem hier gezeigten Muster. Um die Registrierung zu best\u00e4tigen, muss der in dieser E-Mail enthaltene Link (hier <span style=\"color:#cf2e2e\" class=\"tadv-color\">rot <\/span>markiert) angeklickt werden.<\/p>\n\n\n\n<pre class=\"wp-block-code\"><code>Von: epetitionen@dbt-internet.de\nDatum: 1. Mai 2021\nAn: musterfrau@xyz.org\nCc: \nBetreff: Willkommen beim Petitionsausschuss des Deutschen Bundestages - Ihre E-Mail-Best\u00e4tigung\n\nSehr geehrte Teilnehmerin,\nsehr geehrter Teilnehmer,\n \nSie haben sich erfolgreich mit einem Benutzerkonto beim Petitionsausschuss des Deutschen Bundestages registriert.\nDas Passwort haben Sie bei der Registrierung selbst vergeben.\n \nBevor Sie sich einloggen k\u00f6nnen, m\u00fcssen Sie durch Anklicken des folgenden Links Ihr Benutzerkonto aktivieren:\n \n<strong><span style=\"color:#cf2e2e\" class=\"tadv-color\">https:\/\/epetitionen.bundestag.de\/epet\/optin\/registrieren.$$$.aktion.xyzetcpp.html<\/span><\/strong>\n \n\nBitte beachten Sie, dass manche E-Mail-Programme Umbr\u00fcche im Link erzeugen und dieser somit nicht mehr funktioniert. Sie erkennen einen Umbruch daran, dass der Link nicht mehr vollst\u00e4ndig blau unterlegt ist. In diesem Fall kopieren Sie bitte den vollst\u00e4ndigen Link, f\u00fcgen ihn in die Adresszeile Ihres Webbrowsers ein und dr\u00fccken die Enter-Taste. \n\nHINWEIS:\nSollten Sie sich nicht bei uns registriert haben, bitten wir Sie, den Link NICHT zu best\u00e4tigen und sich mit uns in Verbindung zu setzen. Diese E-Mail wurde automatisch generiert. Bitte antworten Sie daher nicht direkt an diese E-Mail-Adresse. Benutzen Sie f\u00fcr Antworten an uns bitte die Adresse post.pet@bundestag.de\n\nMit freundlichen Gr\u00fc\u00dfen\nDer Petitionsausschuss des Deutschen Bundestages<\/code><\/pre>\n\n\n\n<h2 class=\"wp-block-heading\">Schritt 5<\/h2>\n\n\n\n<p>Der Link in der E-Mail f\u00fchrt zur\u00fcck zur Internetseite des Petitionsausschusses, auf der nun eine Best\u00e4tigung angezeigt wird, dass die Registrierung erfolgreich abgeschlossen wurde. Um sich mit dem nun funktionsf\u00e4higen eigenen Nutzerkonto auf der Internetplattform des Deutschen Bundestages anzumelden, muss anschlie\u00dfend erneut die Schaltfl\u00e4che &#8222;Anmelden&#8220; bet\u00e4tigt werden.<\/p>\n\n\n\n<figure class=\"wp-block-gallery columns-2 is-cropped wp-block-gallery-4 is-layout-flex wp-block-gallery-is-layout-flex\"><ul class=\"blocks-gallery-grid\"><li class=\"blocks-gallery-item\"><figure><a href=\"https:\/\/signformecfs.de\/wp-content\/uploads\/2021\/04\/Schritt-6-gross-1-1024x640.png\"><img loading=\"lazy\" decoding=\"async\" width=\"1024\" height=\"640\" src=\"https:\/\/signformecfs.de\/wp-content\/uploads\/2021\/04\/Schritt-6-gross-1-1024x640.png\" alt=\"\" data-id=\"273\" data-link=\"https:\/\/signformecfs.de\/?attachment_id=273\" class=\"wp-image-273\" srcset=\"https:\/\/signformecfs.de\/wp-content\/uploads\/2021\/04\/Schritt-6-gross-1-1024x640.png 1024w, https:\/\/signformecfs.de\/wp-content\/uploads\/2021\/04\/Schritt-6-gross-1-300x188.png 300w, https:\/\/signformecfs.de\/wp-content\/uploads\/2021\/04\/Schritt-6-gross-1-768x480.png 768w, https:\/\/signformecfs.de\/wp-content\/uploads\/2021\/04\/Schritt-6-gross-1-1536x960.png 1536w, https:\/\/signformecfs.de\/wp-content\/uploads\/2021\/04\/Schritt-6-gross-1-1728x1080.png 1728w, https:\/\/signformecfs.de\/wp-content\/uploads\/2021\/04\/Schritt-6-gross-1.png 1920w\" sizes=\"auto, (max-width: 1024px) 100vw, 1024px\" \/><\/a><\/figure><\/li><li class=\"blocks-gallery-item\"><figure><a href=\"https:\/\/signformecfs.de\/wp-content\/uploads\/2021\/04\/Schritt-6-klein.png\"><img loading=\"lazy\" decoding=\"async\" width=\"700\" height=\"438\" src=\"https:\/\/signformecfs.de\/wp-content\/uploads\/2021\/04\/Schritt-6-klein.png\" alt=\"\" data-id=\"274\" data-full-url=\"https:\/\/signformecfs.de\/wp-content\/uploads\/2021\/04\/Schritt-6-klein.png\" data-link=\"https:\/\/signformecfs.de\/?attachment_id=274\" class=\"wp-image-274\" srcset=\"https:\/\/signformecfs.de\/wp-content\/uploads\/2021\/04\/Schritt-6-klein.png 700w, https:\/\/signformecfs.de\/wp-content\/uploads\/2021\/04\/Schritt-6-klein-300x188.png 300w\" sizes=\"auto, (max-width: 700px) 100vw, 700px\" \/><\/a><\/figure><\/li><\/ul><\/figure>\n\n\n\n<h1 id=\"step6\"><\/h1>\n\n\n\n<h2 class=\"wp-block-heading\">Schritt 6<\/h2>\n\n\n\n<p>Auf der jetzt (erneut) angezeigten Seite &#8222;Anmelden\/Registrieren&#8220; m\u00fcssen E-Mail-Adresse und zuvor selbst festgelegtes Passwort eingegeben und durch Klick auf die Schaltfl\u00e4che &#8222;Anmelden&#8220; best\u00e4tigt werden.<\/p>\n\n\n\n<figure class=\"wp-block-gallery columns-2 is-cropped wp-block-gallery-5 is-layout-flex wp-block-gallery-is-layout-flex\"><ul class=\"blocks-gallery-grid\"><li class=\"blocks-gallery-item\"><figure><a href=\"https:\/\/signformecfs.de\/wp-content\/uploads\/2021\/04\/Schritt-6a-gross-700.png\"><img loading=\"lazy\" decoding=\"async\" width=\"700\" height=\"438\" src=\"https:\/\/signformecfs.de\/wp-content\/uploads\/2021\/04\/Schritt-6a-gross-700.png\" alt=\"\" data-id=\"278\" data-link=\"https:\/\/signformecfs.de\/?attachment_id=278\" class=\"wp-image-278\" srcset=\"https:\/\/signformecfs.de\/wp-content\/uploads\/2021\/04\/Schritt-6a-gross-700.png 700w, https:\/\/signformecfs.de\/wp-content\/uploads\/2021\/04\/Schritt-6a-gross-700-300x188.png 300w\" sizes=\"auto, (max-width: 700px) 100vw, 700px\" \/><\/a><\/figure><\/li><li class=\"blocks-gallery-item\"><figure><a href=\"https:\/\/signformecfs.de\/wp-content\/uploads\/2021\/04\/Schritt-6a-klein.png\"><img loading=\"lazy\" decoding=\"async\" width=\"700\" height=\"438\" src=\"https:\/\/signformecfs.de\/wp-content\/uploads\/2021\/04\/Schritt-6a-klein.png\" alt=\"\" data-id=\"279\" data-full-url=\"https:\/\/signformecfs.de\/wp-content\/uploads\/2021\/04\/Schritt-6a-klein.png\" data-link=\"https:\/\/signformecfs.de\/?attachment_id=279\" class=\"wp-image-279\" srcset=\"https:\/\/signformecfs.de\/wp-content\/uploads\/2021\/04\/Schritt-6a-klein.png 700w, https:\/\/signformecfs.de\/wp-content\/uploads\/2021\/04\/Schritt-6a-klein-300x188.png 300w\" sizes=\"auto, (max-width: 700px) 100vw, 700px\" \/><\/a><\/figure><\/li><\/ul><\/figure>\n\n\n\n<h2 class=\"wp-block-heading\">Schritt 7<\/h2>\n\n\n\n<p>Nun ist die Anmeldung auf der Internetplattform des Petitionsausschusses mit dem eigenen Nutzerkonto erfolgt und es kann das &#8222;Petitions-Forum&#8220; aufgerufen werden.<\/p>\n\n\n\n<figure class=\"wp-block-gallery columns-2 is-cropped wp-block-gallery-6 is-layout-flex wp-block-gallery-is-layout-flex\"><ul class=\"blocks-gallery-grid\"><li class=\"blocks-gallery-item\"><figure><a href=\"https:\/\/signformecfs.de\/wp-content\/uploads\/2021\/04\/Schritt-8-gross-700.png\"><img loading=\"lazy\" decoding=\"async\" width=\"700\" height=\"438\" src=\"https:\/\/signformecfs.de\/wp-content\/uploads\/2021\/04\/Schritt-8-gross-700.png\" alt=\"\" data-id=\"282\" data-link=\"https:\/\/signformecfs.de\/?attachment_id=282\" class=\"wp-image-282\" srcset=\"https:\/\/signformecfs.de\/wp-content\/uploads\/2021\/04\/Schritt-8-gross-700.png 700w, https:\/\/signformecfs.de\/wp-content\/uploads\/2021\/04\/Schritt-8-gross-700-300x188.png 300w\" sizes=\"auto, (max-width: 700px) 100vw, 700px\" \/><\/a><\/figure><\/li><li class=\"blocks-gallery-item\"><figure><a href=\"https:\/\/signformecfs.de\/wp-content\/uploads\/2021\/04\/Schritt-8-klein.png\"><img loading=\"lazy\" decoding=\"async\" width=\"700\" height=\"438\" src=\"https:\/\/signformecfs.de\/wp-content\/uploads\/2021\/04\/Schritt-8-klein.png\" alt=\"\" data-id=\"283\" data-full-url=\"https:\/\/signformecfs.de\/wp-content\/uploads\/2021\/04\/Schritt-8-klein.png\" data-link=\"https:\/\/signformecfs.de\/?attachment_id=283\" class=\"wp-image-283\" srcset=\"https:\/\/signformecfs.de\/wp-content\/uploads\/2021\/04\/Schritt-8-klein.png 700w, https:\/\/signformecfs.de\/wp-content\/uploads\/2021\/04\/Schritt-8-klein-300x188.png 300w\" sizes=\"auto, (max-width: 700px) 100vw, 700px\" \/><\/a><\/figure><\/li><\/ul><\/figure>\n\n\n\n<h2 class=\"wp-block-heading\">Schritt 8<\/h2>\n\n\n\n<p>Im &#8222;Petitions-Forum&#8220; kann unsere Petition am sichersten durch Eingabe ihrer ID <strong>122600 <\/strong>und anschlie\u00dfenden Klick auf das Feld &#8222;Suchen&#8220; gefunden werden.<\/p>\n\n\n\n<figure class=\"wp-block-gallery columns-2 is-cropped wp-block-gallery-7 is-layout-flex wp-block-gallery-is-layout-flex\"><ul class=\"blocks-gallery-grid\"><li class=\"blocks-gallery-item\"><figure><a href=\"https:\/\/signformecfs.de\/wp-content\/uploads\/2021\/04\/Schritt-9-gross-700.png\"><img loading=\"lazy\" decoding=\"async\" width=\"700\" height=\"438\" src=\"https:\/\/signformecfs.de\/wp-content\/uploads\/2021\/04\/Schritt-9-gross-700.png\" alt=\"\" data-id=\"286\" data-link=\"https:\/\/signformecfs.de\/?attachment_id=286\" class=\"wp-image-286\" srcset=\"https:\/\/signformecfs.de\/wp-content\/uploads\/2021\/04\/Schritt-9-gross-700.png 700w, https:\/\/signformecfs.de\/wp-content\/uploads\/2021\/04\/Schritt-9-gross-700-300x188.png 300w\" sizes=\"auto, (max-width: 700px) 100vw, 700px\" \/><\/a><\/figure><\/li><li class=\"blocks-gallery-item\"><figure><a href=\"https:\/\/signformecfs.de\/wp-content\/uploads\/2021\/04\/Schritt-9-klein.png\"><img loading=\"lazy\" decoding=\"async\" width=\"700\" height=\"438\" src=\"https:\/\/signformecfs.de\/wp-content\/uploads\/2021\/04\/Schritt-9-klein.png\" alt=\"\" data-id=\"287\" data-full-url=\"https:\/\/signformecfs.de\/wp-content\/uploads\/2021\/04\/Schritt-9-klein.png\" data-link=\"https:\/\/signformecfs.de\/?attachment_id=287\" class=\"wp-image-287\" srcset=\"https:\/\/signformecfs.de\/wp-content\/uploads\/2021\/04\/Schritt-9-klein.png 700w, https:\/\/signformecfs.de\/wp-content\/uploads\/2021\/04\/Schritt-9-klein-300x188.png 300w\" sizes=\"auto, (max-width: 700px) 100vw, 700px\" \/><\/a><\/figure><\/li><\/ul><\/figure>\n\n\n\n<h2 class=\"wp-block-heading\">Schritt 9<\/h2>\n\n\n\n<p>Nun wird unsere Petition angezeigt und kann durch einen Klick auf den Titel ge\u00f6ffnet werden.<\/p>\n\n\n\n<figure class=\"wp-block-gallery columns-2 is-cropped wp-block-gallery-8 is-layout-flex wp-block-gallery-is-layout-flex\"><ul class=\"blocks-gallery-grid\"><li class=\"blocks-gallery-item\"><figure><a href=\"https:\/\/signformecfs.de\/wp-content\/uploads\/2021\/10\/Schritt-9-Gesamt-700.png\"><img loading=\"lazy\" decoding=\"async\" width=\"700\" height=\"385\" src=\"https:\/\/signformecfs.de\/wp-content\/uploads\/2021\/10\/Schritt-9-Gesamt-700.png\" alt=\"\" data-id=\"463\" data-link=\"https:\/\/signformecfs.de\/?attachment_id=463\" class=\"wp-image-463\" srcset=\"https:\/\/signformecfs.de\/wp-content\/uploads\/2021\/10\/Schritt-9-Gesamt-700.png 700w, https:\/\/signformecfs.de\/wp-content\/uploads\/2021\/10\/Schritt-9-Gesamt-700-300x165.png 300w\" sizes=\"auto, (max-width: 700px) 100vw, 700px\" \/><\/a><\/figure><\/li><li class=\"blocks-gallery-item\"><figure><a href=\"https:\/\/signformecfs.de\/wp-content\/uploads\/2021\/10\/Schritt-9-Ausschnitt-700.png\"><img loading=\"lazy\" decoding=\"async\" width=\"700\" height=\"385\" src=\"https:\/\/signformecfs.de\/wp-content\/uploads\/2021\/10\/Schritt-9-Ausschnitt-700.png\" alt=\"\" data-id=\"464\" data-full-url=\"https:\/\/signformecfs.de\/wp-content\/uploads\/2021\/10\/Schritt-9-Ausschnitt-700.png\" data-link=\"https:\/\/signformecfs.de\/?attachment_id=464\" class=\"wp-image-464\" srcset=\"https:\/\/signformecfs.de\/wp-content\/uploads\/2021\/10\/Schritt-9-Ausschnitt-700.png 700w, https:\/\/signformecfs.de\/wp-content\/uploads\/2021\/10\/Schritt-9-Ausschnitt-700-300x165.png 300w\" sizes=\"auto, (max-width: 700px) 100vw, 700px\" \/><\/a><\/figure><\/li><\/ul><\/figure>\n\n\n\n<h2 class=\"wp-block-heading\">Schritt 10<\/h2>\n\n\n\n<p>Die Mitzeichnung erfolgt jetzt durch Klick auf die Schaltfl\u00e4che &#8222;Petition mitzeichnen&#8220;.<\/p>\n\n\n\n<figure class=\"wp-block-gallery columns-2 is-cropped wp-block-gallery-9 is-layout-flex wp-block-gallery-is-layout-flex\"><ul class=\"blocks-gallery-grid\"><li class=\"blocks-gallery-item\"><figure><a href=\"https:\/\/signformecfs.de\/wp-content\/uploads\/2021\/10\/Schritt-10-Gesamt-700.png\"><img loading=\"lazy\" decoding=\"async\" width=\"700\" height=\"384\" src=\"https:\/\/signformecfs.de\/wp-content\/uploads\/2021\/10\/Schritt-10-Gesamt-700.png\" alt=\"\" data-id=\"467\" data-link=\"https:\/\/signformecfs.de\/?attachment_id=467\" class=\"wp-image-467\" srcset=\"https:\/\/signformecfs.de\/wp-content\/uploads\/2021\/10\/Schritt-10-Gesamt-700.png 700w, https:\/\/signformecfs.de\/wp-content\/uploads\/2021\/10\/Schritt-10-Gesamt-700-300x165.png 300w\" sizes=\"auto, (max-width: 700px) 100vw, 700px\" \/><\/a><\/figure><\/li><li class=\"blocks-gallery-item\"><figure><a href=\"https:\/\/signformecfs.de\/wp-content\/uploads\/2021\/10\/Schritt-10-Ausschnitt-700.png\"><img loading=\"lazy\" decoding=\"async\" width=\"700\" height=\"384\" src=\"https:\/\/signformecfs.de\/wp-content\/uploads\/2021\/10\/Schritt-10-Ausschnitt-700.png\" alt=\"\" data-id=\"468\" data-full-url=\"https:\/\/signformecfs.de\/wp-content\/uploads\/2021\/10\/Schritt-10-Ausschnitt-700.png\" data-link=\"https:\/\/signformecfs.de\/?attachment_id=468\" class=\"wp-image-468\" srcset=\"https:\/\/signformecfs.de\/wp-content\/uploads\/2021\/10\/Schritt-10-Ausschnitt-700.png 700w, https:\/\/signformecfs.de\/wp-content\/uploads\/2021\/10\/Schritt-10-Ausschnitt-700-300x165.png 300w\" sizes=\"auto, (max-width: 700px) 100vw, 700px\" \/><\/a><\/figure><\/li><\/ul><\/figure>\n\n\n\n<h2 class=\"wp-block-heading\">Schritt 11<\/h2>\n\n\n\n<p>Vor Best\u00e4tigung der Mitzeichnung k\u00f6nnen Sie ausw\u00e4hlen, ob Sie in der Mitzeichnungsliste mit Ihrem vollem Namen (erste Option) oder anonymisiert in Form einer Nummer (zweite Option) gelistet werden wollen. Bitte treffen Sie ihre Wahl und best\u00e4tigen Sie die Mitzeichnung durch Klick auf &#8222;Jetzt mitzeichnen&#8220;.<\/p>\n\n\n\n<figure class=\"wp-block-gallery columns-1 is-cropped wp-block-gallery-10 is-layout-flex wp-block-gallery-is-layout-flex\"><ul class=\"blocks-gallery-grid\"><li class=\"blocks-gallery-item\"><figure><a href=\"https:\/\/signformecfs.de\/wp-content\/uploads\/2021\/10\/Schritt-11-gesamt.png\"><img loading=\"lazy\" decoding=\"async\" width=\"1024\" height=\"329\" src=\"https:\/\/signformecfs.de\/wp-content\/uploads\/2021\/10\/Schritt-11-gesamt-1024x329.png\" alt=\"\" data-id=\"486\" data-full-url=\"https:\/\/signformecfs.de\/wp-content\/uploads\/2021\/10\/Schritt-11-gesamt.png\" data-link=\"https:\/\/signformecfs.de\/?attachment_id=486\" class=\"wp-image-486\" srcset=\"https:\/\/signformecfs.de\/wp-content\/uploads\/2021\/10\/Schritt-11-gesamt-1024x329.png 1024w, https:\/\/signformecfs.de\/wp-content\/uploads\/2021\/10\/Schritt-11-gesamt-300x96.png 300w, https:\/\/signformecfs.de\/wp-content\/uploads\/2021\/10\/Schritt-11-gesamt-768x247.png 768w, https:\/\/signformecfs.de\/wp-content\/uploads\/2021\/10\/Schritt-11-gesamt-1536x494.png 1536w, https:\/\/signformecfs.de\/wp-content\/uploads\/2021\/10\/Schritt-11-gesamt.png 1828w\" sizes=\"auto, (max-width: 1024px) 100vw, 1024px\" \/><\/a><\/figure><\/li><\/ul><\/figure>\n\n\n\n<h2 class=\"wp-block-heading\">Fertig. Herzlichen Dank!<\/h2>\n\n\n\n<br>\n\n\n\n<p><\/p>\n","protected":false},"excerpt":{"rendered":"<p>Der Petitionsausschuss des Deutschen Bundestages unterh\u00e4lt eine offizielle Internetplattform, auf der in wenigen Minuten die Mitzeichnung unserer Petition m\u00f6glich ist. Auf dieser Seite werden die hierf\u00fcr erforderlichen Schritte der Reihe nach ausf\u00fchrlich erl\u00e4utert. Die Petitions-Plattform des Bundestages ist \u00fcber diesen Link zu finden: epetitionen.bundestag.de Schritt 1 Zun\u00e4chst ist eine Registrierung erforderlich. Dieser Prozess wird durch&hellip; <br \/> <a class=\"read-more\" href=\"https:\/\/signformecfs.de\/?page_id=224\">Weiterlesen<\/a><\/p>\n","protected":false},"author":1,"featured_media":0,"parent":142,"menu_order":2,"comment_status":"closed","ping_status":"closed","template":"","meta":{"footnotes":""},"class_list":["post-224","page","type-page","status-publish","hentry"],"_links":{"self":[{"href":"https:\/\/signformecfs.de\/index.php?rest_route=\/wp\/v2\/pages\/224","targetHints":{"allow":["GET"]}}],"collection":[{"href":"https:\/\/signformecfs.de\/index.php?rest_route=\/wp\/v2\/pages"}],"about":[{"href":"https:\/\/signformecfs.de\/index.php?rest_route=\/wp\/v2\/types\/page"}],"author":[{"embeddable":true,"href":"https:\/\/signformecfs.de\/index.php?rest_route=\/wp\/v2\/users\/1"}],"replies":[{"embeddable":true,"href":"https:\/\/signformecfs.de\/index.php?rest_route=%2Fwp%2Fv2%2Fcomments&post=224"}],"version-history":[{"count":44,"href":"https:\/\/signformecfs.de\/index.php?rest_route=\/wp\/v2\/pages\/224\/revisions"}],"predecessor-version":[{"id":487,"href":"https:\/\/signformecfs.de\/index.php?rest_route=\/wp\/v2\/pages\/224\/revisions\/487"}],"up":[{"embeddable":true,"href":"https:\/\/signformecfs.de\/index.php?rest_route=\/wp\/v2\/pages\/142"}],"wp:attachment":[{"href":"https:\/\/signformecfs.de\/index.php?rest_route=%2Fwp%2Fv2%2Fmedia&parent=224"}],"curies":[{"name":"wp","href":"https:\/\/api.w.org\/{rel}","templated":true}]}}