{"id":585,"date":"2021-10-27T10:36:02","date_gmt":"2021-10-27T10:36:02","guid":{"rendered":"https:\/\/signformecfs.de\/?page_id=585"},"modified":"2021-10-29T14:06:27","modified_gmt":"2021-10-29T14:06:27","slug":"videos","status":"publish","type":"page","link":"https:\/\/signformecfs.de\/?page_id=585","title":{"rendered":"Videos"},"content":{"rendered":"\n<p>Zur Unterst\u00fctzung unseres Petitionsprojekts #SIGNforMECFS sind in der Zwischenzeit schon einige Videos entstanden &#8211; teilweise von uns produziert, teilweise aber auch von anderen. Diese d\u00fcrfen gerne genutzt werden, um #SIGNforMECFS zu bewerben und um Unterschriften f\u00fcr unsere Petition 122600 an den Deutschen Bundestag zu sammeln.<\/p>\n\n\n\n<p><strong>Die Videos zu unserem Projekt sind gesammelt auf unserem #SIGNforMECFS <a rel=\"noreferrer noopener\" href=\"https:\/\/www.youtube.com\/channel\/UCfxtwuDSwJUHNwcyrPmSJxg\" target=\"_blank\">YouTube-Kanal<\/a> zu finden.<\/strong> <\/p>\n\n\n\n<p>Dar\u00fcber hinaus binden wir einzelne Videos auch direkt auf dieser Webseite ein. Zum Anschauen auf unserer Webseite empfehlen wir den&nbsp;<strong>Vollbildmodus&nbsp;<\/strong>(Steuerung unten im Video, zweites Symbol von rechts).<\/p>\n\n\n\n<br>\n\n\n\n<h2 class=\"wp-block-heading\">#SIGNforMECFS | &#8222;Die vielleicht leiseste humanit\u00e4re Katastrophe in Deutschland&#8220;<\/h2>\n\n\n\n<figure class=\"wp-block-video\"><video height=\"480\" style=\"aspect-ratio: 480 \/ 480;\" width=\"480\" controls src=\"https:\/\/signformecfs.de\/wp-content\/uploads\/2021\/10\/signformecfs-video-loesch-mp4.mp4\"><\/video><figcaption>um Anschauen empfehlen wir den <strong>Vollbildmodus <\/strong>(Steuerung unten im Video, zweites Symbol von rechts)<\/figcaption><\/figure>\n\n\n\n<p>Der Facharzt <strong>Dr. L\u00f6sch<\/strong> spricht \u00fcber ME\/CFS. Wer ihm zuh\u00f6rt, versteht sofort: Es muss sich dringend etwas tun. Deswegen bitten wir um Unterst\u00fctzung unserer Petition an den Deutschen Bundestag! Das vollst\u00e4ndige Interview mit Dr. L\u00f6sch kann auf dem YouTube-Kanal des ME\/CFS-Portals <a rel=\"noreferrer noopener\" href=\"https:\/\/youtu.be\/C_kKvix0EeM\" target=\"_blank\">an dieser Stelle<\/a> angesehen werden.<\/p>\n\n\n\n<p>Unser Video findet sich auch auf <a href=\"https:\/\/youtu.be\/YYVmkqUXk2I\" target=\"_blank\" rel=\"noreferrer noopener\">Youtube<\/a> und dar\u00fcber hinaus an folgenden Stellen: <a rel=\"noreferrer noopener\" href=\"https:\/\/twitter.com\/loy_daniel_de\/status\/1453981293872623616\" target=\"_blank\">Twitter<\/a>, <a rel=\"noreferrer noopener\" href=\"https:\/\/www.facebook.com\/signformecfs\/posts\/244124221108938?__cft__[0]=AZVusBbzMphyp9hkbuIHo4-de3fQLw0CUMoh9mus-lYydIB1JpzRWyzo6ctvA74C_4yOyUhfRE3sI4SY-2b-QwFmPOBDQ700425702PXOwwgqPgf15IGKLmAzKtnFXVn34hUN36luwwCQ0agX95ZpMHfYl9ydflSdDq--DXE_UPVtA&amp;__tn__=%2CO%2CP-R\" target=\"_blank\">Facebook<\/a>, <a rel=\"noreferrer noopener\" href=\"https:\/\/www.instagram.com\/reel\/CVmoDuCltYV\/?utm_medium=copy_link\" target=\"_blank\">Instagram<\/a>. <\/p>\n\n\n\n<br>\n\n\n\n<h2 class=\"wp-block-heading\">#SIGNforMECFS&nbsp;| Jung. Mitten im Leben. Pl\u00f6tzlich nimmt Dir&nbsp;ME\/CFS&nbsp;alles. Deine Zukunft. Dein Leben.<\/h2>\n\n\n\n<figure class=\"wp-block-video\"><video height=\"480\" style=\"aspect-ratio: 480 \/ 480;\" width=\"480\" controls src=\"https:\/\/signformecfs.de\/wp-content\/uploads\/2021\/10\/signformecfs-video-formatdesktop.mp4\"><\/video><figcaption>Zum Anschauen empfehlen wir den <strong>Vollbildmodus <\/strong>(Steuerung unten im Video, zweites Symbol von rechts)<\/figcaption><\/figure>\n\n\n\n<p>Dieses Video findet sich auch auf <a rel=\"noreferrer noopener\" href=\"https:\/\/youtu.be\/n46cMnyfJfc\" target=\"_blank\">Youtube<\/a> und dar\u00fcber hinaus an folgenden Stellen: <a rel=\"noreferrer noopener\" href=\"https:\/\/twitter.com\/loy_daniel_de\/status\/1452552878393106437\" target=\"_blank\">Twitter<\/a>, <a rel=\"noreferrer noopener\" href=\"https:\/\/twitter.com\/eskabadu\/status\/1453048508215406595\" target=\"_blank\">Twitter<\/a>, <a rel=\"noreferrer noopener\" href=\"https:\/\/www.facebook.com\/signformecfs\/posts\/241479581373402?__cft__[0]=AZW7HpZWS0fx9xKOOFOply7Y5bJOAxDkMXsWpNjEMaFnI2xlk4dlHZgIDpJUlKoQhOmupnLZr8Vc-U-FRqQst6qj_gLREg9UcW4qFVzZZJE6oF4GQ-CxCaKUfVUDDyvCHDdu1ARUd6XKI9DFOU0wUhqctWrSceKB0nsgDiqChnuXrE6yhParMjweJ4TnldZ75BqeHyplBe9BevvNoUNMUemO&amp;__tn__=%2CO%2CP-R\" target=\"_blank\">Facebook<\/a>, <a rel=\"noreferrer noopener\" href=\"https:\/\/www.instagram.com\/tv\/CVcisDVKEqV\/?utm_medium=copy_link\" target=\"_blank\">Instagram<\/a>.<\/p>\n","protected":false},"excerpt":{"rendered":"<p>Zur Unterst\u00fctzung unseres Petitionsprojekts #SIGNforMECFS sind in der Zwischenzeit schon einige Videos entstanden &#8211; teilweise von uns produziert, teilweise aber auch von anderen. Diese d\u00fcrfen gerne genutzt werden, um #SIGNforMECFS zu bewerben und um Unterschriften f\u00fcr unsere Petition 122600 an den Deutschen Bundestag zu sammeln. Die Videos zu unserem Projekt sind gesammelt auf unserem #SIGNforMECFS&hellip; <br \/> <a class=\"read-more\" href=\"https:\/\/signformecfs.de\/?page_id=585\">Weiterlesen<\/a><\/p>\n","protected":false},"author":1,"featured_media":0,"parent":0,"menu_order":0,"comment_status":"closed","ping_status":"closed","template":"","meta":{"footnotes":""},"class_list":["post-585","page","type-page","status-publish","hentry"],"_links":{"self":[{"href":"https:\/\/signformecfs.de\/index.php?rest_route=\/wp\/v2\/pages\/585","targetHints":{"allow":["GET"]}}],"collection":[{"href":"https:\/\/signformecfs.de\/index.php?rest_route=\/wp\/v2\/pages"}],"about":[{"href":"https:\/\/signformecfs.de\/index.php?rest_route=\/wp\/v2\/types\/page"}],"author":[{"embeddable":true,"href":"https:\/\/signformecfs.de\/index.php?rest_route=\/wp\/v2\/users\/1"}],"replies":[{"embeddable":true,"href":"https:\/\/signformecfs.de\/index.php?rest_route=%2Fwp%2Fv2%2Fcomments&post=585"}],"version-history":[{"count":14,"href":"https:\/\/signformecfs.de\/index.php?rest_route=\/wp\/v2\/pages\/585\/revisions"}],"predecessor-version":[{"id":621,"href":"https:\/\/signformecfs.de\/index.php?rest_route=\/wp\/v2\/pages\/585\/revisions\/621"}],"wp:attachment":[{"href":"https:\/\/signformecfs.de\/index.php?rest_route=%2Fwp%2Fv2%2Fmedia&parent=585"}],"curies":[{"name":"wp","href":"https:\/\/api.w.org\/{rel}","templated":true}]}}