{"id":8,"date":"2021-04-22T14:21:52","date_gmt":"2021-04-22T14:21:52","guid":{"rendered":"https:\/\/signformecfs.de\/?page_id=8"},"modified":"2023-09-26T12:29:29","modified_gmt":"2023-09-26T12:29:29","slug":"mesmerize","status":"publish","type":"page","link":"https:\/\/signformecfs.de\/","title":{"rendered":"Front Page"},"content":{"rendered":"<div  data-label=\"Auf einen Blick\" data-id=\"features--1\" data-export-id=\"features-16-card-bordered\" data-category=\"features\" class=\"features-16-card-bordered content-section content-section-spacing\" id=\"auf-einen-blick\" style=\"background-color: rgb(255, 255, 255);\" data-bullets-visibility=\"true\"><div  class=\"gridContainer\"> <div  class=\"row text-center\"><div  class=\"section-title-col\" data-type=\"column\"> <h2  class=\"\">Unsere Petition auf einen Blick<\/h2> <p  class=\"lead\">Fast 100.000 Menschen haben innerhalb von nur 28 Tagen die SIGNforMECFS-Petition mit ihrer Unterschrift unterst\u00fctzt, um den Deutschen Bundestag auf die verzweifelte Situation der rund 250.000 schwerkranken Menschen mit ME\/CFS aufmerksam zu machen!<\/p><\/div> <\/div> <div  class=\"row spaced-cols\" data-type=\"row\"> <div  class=\"col-xs-12 col-sm-6 col-md-4\"> <div  class=\"card no-padding bordered y-move\"> <img  decoding=\"async\" class=\"face\" src=\"https:\/\/signformecfs.de\/wp-content\/uploads\/2021\/04\/cropped-tubes.png\" title=\"cropped-tubes.png\" alt=\"\"> <div  data-type=\"column\" class=\"col-padding-small col-padding-small-xs description-container\"> <h4  class=\"font-500\">ME\/CFS bedeutet: Schwerkranke Menschen bekommen in Deutschland keine Hilfe<\/h4> <p  class=\"\">Rund 250.000 Menschen sind in Deutschland an ME\/CFS erkrankt \u2013 einer komplexen Multisystemerkrankung, die meist zu einem hohen Grad k\u00f6rperlicher Behinderung f\u00fchrt. Dennoch gibt es in Deutschland keine Hilfe. Es fehlt an Therapien, Versorgung sowie an spezialisierten \u00c4rztinnen und \u00c4rzte.&nbsp;<\/p><\/div> <div  data-type=\"column\" class=\"col-padding-small col-padding-small-xs read-more-container\"><a class=\"read-more\" href=\"https:\/\/signformecfs.de?page_id=116\" target=\"_self\" data-cp-link=\"1\" rel=\"noopener\">Mehr Informationen<\/a><\/div> <\/div><\/div> <div  class=\"col-xs-12 col-sm-6 col-md-4\"><div  class=\"card no-padding bordered y-move\"> <img  decoding=\"async\" class=\"face\" src=\"https:\/\/signformecfs.de\/wp-content\/uploads\/2022\/02\/cropped-Anhoerung.png\" title=\"cropped-Anhoerung.png\" alt=\"\"> <div  data-type=\"column\" class=\"col-padding-small col-padding-small-xs description-container\"> <h4  class=\"font-500\">\u00d6ffentliche Anh\u00f6rung im Deutschen Bundestag am 14. Februar 2022<\/h4> <p  class=\"\">Da es uns gelungen ist, w\u00e4hrend der Mitzeichnungsfrist ann\u00e4hernd 100.000 Unterschriften f\u00fcr unser Projekt SIGNforMECFS zu sammeln, gew\u00e4hrte uns der Petitionsausschuss des Deutschen Bundestages eine Anh\u00f6rung in \u00f6ffentlicher Ausschusssitzung.\n<br >Wir haben auf einer eigenen Seite alle Informationen zu diesem Meilenstein zusammengestellt.<\/p><\/div> <div  data-type=\"column\" class=\"col-padding-small col-padding-small-xs read-more-container\"><a class=\"read-more\" href=\"https:\/\/signformecfs.de?page_id=730\" target=\"_self\" data-cp-link=\"1\" rel=\"noopener\">Mehr Informationen<\/a><\/div> <\/div><\/div> <div  class=\"col-xs-12 col-sm-6 col-md-4\"><div  class=\"card no-padding bordered y-move\"> <img  decoding=\"async\" class=\"face\" src=\"https:\/\/signformecfs.de\/wp-content\/uploads\/2021\/04\/cropped-yeswecan.png\" title=\"cropped-yeswecan.png\" alt=\"\"> <div  data-type=\"column\" class=\"col-padding-small col-padding-small-xs description-container\"> <h4  class=\"font-500\">Danke f\u00fcr die Unterst\u00fctzung!<\/h4> <p  class=\"\">SIGNforMECFS konnte nur durch die Unterst\u00fctzung so vieler Menschen zu einem Erfolg werden. Wir danken herzlich den Betroffenen, Angeh\u00f6rigen, Freundinnen und Freunden, Prominenten und einfach allen engagierten Menschen, die in irgendeiner Weise dazu beitragen haben.\n<br ><br >Das ist ein starkes \u201eSIGN for ME\/CFS\u201c \u2013 ein Zeichen f\u00fcr ME\/CFS!&nbsp;<\/p><\/div> <div  data-type=\"column\" class=\"col-padding-small col-padding-small-xs read-more-container\"><\/div> <\/div><\/div> <\/div><\/div> <\/div><div  data-label=\"Team\" data-id=\"team--1\" data-export-id=\"team-5\" data-category=\"team\" class=\"team-5 content-section content-section-spacing\" id=\"team-1\" style=\"background-color: rgb(245, 250, 253);\" data-bullets-visibility=\"true\"><div  class=\"gridContainer\"> <div  class=\"row text-center\"><div  class=\"section-title-col\" data-type=\"column\"> <h2  class=\"\">Team SIGNforMECFS<\/h2> <p  class=\"lead\">Wir organisieren als Betroffene gemeinsam die Petition 122600 an den Deutschen Bundestag.<\/p><\/div> <\/div> <div  class=\"row spaced-cols content-center-sm center-sm\" data-type=\"row\"> <div  class=\"col-xs-12 col-sm-6 col-md-3 col-padding\"> <div  class=\"row \"> <div  data-type=\"column\" class=\"col-xs-12 col-sm-12\"> <img  decoding=\"async\" class=\"round face\" src=\"https:\/\/signformecfs.de\/wp-content\/uploads\/2021\/04\/Sonja2.jpeg\" title=\"Sonja2\" alt=\"\"> <h4  class=\"font-500\">Sonja Kohl<\/h4>   <div  class=\"social-icons-group\" data-type=\"group\"> <a href=\"https:\/\/facebook.com\/eskabadu\" target=\"_blank\" rel=\"noopener\" class=\"\"><i  class=\"gray fa icon fa-facebook-square\"><\/i><\/a> <a href=\"https:\/\/twitter.com\/eskabadu\" target=\"_blank\" rel=\"noopener\" class=\"\"><i  class=\"gray fa icon fa-twitter-square\"><\/i><\/a> <a href=\"https:\/\/www.instagram.com\/eskabadu\" target=\"_blank\" rel=\"noopener\" class=\"\"><i  class=\"gray fa icon fa-linkedin-square\"><\/i><\/a> <a href=\"#\" target=\"_self\" data-reiki-hidden=\"true\" rel=\"noopener\"><i  class=\"gray fa icon fa-google-plus-square\"><\/i><\/a><\/div> <\/div><\/div> <\/div> <div  class=\"col-xs-12 col-sm-6 col-md-3 col-padding\"> <div  class=\"row \"> <div  data-type=\"column\" class=\"col-xs-12 col-sm-12\"> <img  decoding=\"async\" class=\"round face\" src=\"https:\/\/signformecfs.de\/wp-content\/uploads\/2021\/04\/cropped-Daniel.png\" title=\"cropped-Daniel.png\" alt=\"\"> <h4  class=\"font-500\">Daniel Loy<\/h4>   <div  class=\"social-icons-group\" data-type=\"group\"> <a href=\"https:\/\/www.facebook.com\/daniel.loy.3363\" target=\"_blank\" rel=\"noopener\" class=\"\"><i  class=\"gray fa icon fa-facebook-square\"><\/i><\/a> <a href=\"https:\/\/twitter.com\/loy_daniel_de\" target=\"_blank\" rel=\"noopener\" class=\"\"><i  class=\"gray fa icon fa-twitter-square\"><\/i><\/a> <a href=\"#\" target=\"_self\" data-reiki-hidden=\"true\" rel=\"noopener\"><i  class=\"gray fa icon fa-linkedin-square\"><\/i><\/a> <a href=\"#\" target=\"_self\" data-reiki-hidden=\"true\" rel=\"noopener\"><i  class=\"gray fa icon fa-google-plus-square\"><\/i><\/a><\/div> <\/div><\/div> <\/div> <div  class=\"col-xs-12 col-sm-6 col-md-3 col-padding\"> <div  class=\"row \"> <div  data-type=\"column\" class=\"col-xs-12 col-sm-12\"> <img  decoding=\"async\" class=\"round face\" src=\"https:\/\/signformecfs.de\/wp-content\/uploads\/2021\/04\/Claudia2.jpeg\" title=\"Claudia2\" alt=\"\"> <h4  class=\"font-500\">Claudia Schreiner<\/h4>   <div  class=\"social-icons-group\" data-type=\"group\"> <a href=\"https:\/\/www.facebook.com\/claudia.espunkt.35\" target=\"_blank\" rel=\"noopener\" class=\"\"><i  class=\"gray fa icon fa-facebook-square\"><\/i><\/a> <a href=\"https:\/\/twitter.com\/schreinerorg\" target=\"_blank\" rel=\"noopener\" class=\"\"><i  class=\"gray fa icon fa-twitter-square\"><\/i><\/a> <a href=\"https:\/\/instagram.com\/kissmeimlefthanded\" target=\"_blank\" rel=\"noopener\" class=\"\"><i  class=\"gray fa icon fa-linkedin-square\"><\/i><\/a> <a href=\"#\" target=\"_self\" data-reiki-hidden=\"true\" rel=\"noopener\"><i  class=\"gray fa icon fa-google-plus-square\"><\/i><\/a><\/div> <\/div><\/div> <\/div> <div  class=\"col-xs-12 col-sm-6 col-md-3 col-padding\"> <div  class=\"row \"> <div  data-type=\"column\" class=\"col-xs-12 col-sm-12\"> <img  decoding=\"async\" class=\"round face\" src=\"https:\/\/signformecfs.de\/wp-content\/uploads\/2021\/04\/cropped-Kevin.jpeg\" title=\"cropped-Kevin.jpeg\" alt=\"\"> <h4  class=\"font-500\">Kevin Thonhofer<\/h4>   <div  class=\"social-icons-group\" data-type=\"group\"> <a href=\"https:\/\/www.facebook.com\/kevin.thonhofer\" target=\"_blank\" data-reiki-hidden=\"true\" rel=\"noopener\" class=\"\"><i  class=\"gray fa icon fa-facebook-square\"><\/i><\/a> <a href=\"https:\/\/twitter.com\/AThonhofer\" target=\"_blank\" rel=\"noopener\" class=\"\"><i  class=\"gray fa icon fa-twitter-square\"><\/i><\/a> <a href=\"#\" target=\"_self\" data-reiki-hidden=\"true\" rel=\"noopener\"><i  class=\"gray fa icon fa-linkedin-square\"><\/i><\/a> <a href=\"#\" target=\"_self\" data-reiki-hidden=\"true\" rel=\"noopener\"><i  class=\"gray fa icon fa-google-plus-square\"><\/i><\/a><\/div> <\/div><\/div> <\/div>    <\/div> <\/div><\/div><div  data-label=\"Impressum\" data-id=\"overlappable--1\" data-export-id=\"overlappable-4\" data-category=\"overlappable\" class=\"overlappable-4 content-section content-section-spacing\" data-overlap=\"true\" id=\"impressum\" style=\"background-color: rgb(255, 255, 255);\" data-bullets-visibility=\"true\"><div  class=\"gridContainer\"> <div  data-type=\"row\" class=\"row spaced-cols text-center\"><div  class=\"col-xs-12 col-sm-4 col-padding\"> <i  class=\"fa icon shadow-large-black aligncenter color1 fa-balance-scale reverse round large\"><\/i> <div  data-type=\"column\" class=\"\"> <h5  class=\"\">Impressum\n<br >Anbieterkennzeichnung (\u00a7 5 TMG)<\/h5> <p  class=\"\">Sonja Kohl<br >Schmelenheide 60<br >47551 Bedburg-Hau\n<br >Deutschland<br >+49 2821 719 39 23<br >info@signformecfs.de<\/p><\/div> <\/div> <div  class=\"col-xs-12 col-sm-4 col-padding\"> <i  class=\"fa icon shadow-large-black aligncenter color1 fa-newspaper-o reverse round large\"><\/i> <div  data-type=\"column\" class=\"\"><h5  class=\"\">Verantwortlich f\u00fcr journalistisch-redaktionelle Angebote (\u00a7 18 MStV)<\/h5> <p  class=\"\">Sonja Kohl<br >Schmelenheide 60<br >47551 Bedburg-Hau<br >Deutschland<br >+49 2821 719 39 23<br >info@signformecfs.de<\/p><\/div> <\/div> <div  class=\"col-xs-12 col-sm-4 col-padding\"> <i  class=\"fa icon shadow-large-black aligncenter color1 fa-at reverse round large\"><\/i> <div  data-type=\"column\" class=\"\"><h5  class=\"\">Kontakt und\n<br >Datenschutzerkl\u00e4rung<\/h5> <a class=\"link\" href=\"mailto:info@signformecfs.de\" target=\"_self\" data-cp-link=\"1\" rel=\"noopener\">info@signformecfs.de<\/a><p  class=\"\"><\/p><a class=\"link\" href=\"https:\/\/signformecfs.de?page_id=3\" target=\"_self\" data-cp-link=\"1\" rel=\"noopener\">Datenschutzerkl\u00e4rung<\/a><\/div> <\/div><\/div> <\/div><\/div>","protected":false},"excerpt":{"rendered":"<p>Unsere Petition auf einen Blick Fast 100.000 Menschen haben innerhalb von nur 28 Tagen die SIGNforMECFS-Petition mit ihrer Unterschrift unterst\u00fctzt, um den Deutschen Bundestag auf die verzweifelte Situation der rund 250.000 schwerkranken Menschen mit ME\/CFS aufmerksam zu machen! ME\/CFS bedeutet: Schwerkranke Menschen bekommen in Deutschland keine Hilfe Rund 250.000 Menschen sind in Deutschland an ME\/CFS&hellip; <br \/> <a class=\"read-more\" href=\"https:\/\/signformecfs.de\/\">Weiterlesen<\/a><\/p>\n","protected":false},"author":1,"featured_media":0,"parent":0,"menu_order":0,"comment_status":"closed","ping_status":"closed","template":"page-templates\/homepage.php","meta":{"footnotes":""},"class_list":["post-8","page","type-page","status-publish","hentry"],"_links":{"self":[{"href":"https:\/\/signformecfs.de\/index.php?rest_route=\/wp\/v2\/pages\/8","targetHints":{"allow":["GET"]}}],"collection":[{"href":"https:\/\/signformecfs.de\/index.php?rest_route=\/wp\/v2\/pages"}],"about":[{"href":"https:\/\/signformecfs.de\/index.php?rest_route=\/wp\/v2\/types\/page"}],"author":[{"embeddable":true,"href":"https:\/\/signformecfs.de\/index.php?rest_route=\/wp\/v2\/users\/1"}],"replies":[{"embeddable":true,"href":"https:\/\/signformecfs.de\/index.php?rest_route=%2Fwp%2Fv2%2Fcomments&post=8"}],"version-history":[{"count":61,"href":"https:\/\/signformecfs.de\/index.php?rest_route=\/wp\/v2\/pages\/8\/revisions"}],"predecessor-version":[{"id":953,"href":"https:\/\/signformecfs.de\/index.php?rest_route=\/wp\/v2\/pages\/8\/revisions\/953"}],"wp:attachment":[{"href":"https:\/\/signformecfs.de\/index.php?rest_route=%2Fwp%2Fv2%2Fmedia&parent=8"}],"curies":[{"name":"wp","href":"https:\/\/api.w.org\/{rel}","templated":true}]}}