{"id":897,"date":"2023-01-13T12:50:04","date_gmt":"2023-01-13T12:50:04","guid":{"rendered":"https:\/\/signformecfs.de\/?page_id=897"},"modified":"2023-01-14T09:52:40","modified_gmt":"2023-01-14T09:52:40","slug":"mecfsimbundestag-am-19-januar-2023","status":"publish","type":"page","link":"https:\/\/signformecfs.de\/?page_id=897","title":{"rendered":"#MECFSimBundestag am 19. Januar 2023"},"content":{"rendered":"\n<p><strong>Gemeinsame Aktion von <a href=\"http:\/\/www.millionsmissing.de\" target=\"_blank\" rel=\"noreferrer noopener\">#MillionsMissing Deutschland<\/a> und dem Team #SIGNforMECFS<\/strong><\/p>\n\n\n\n<p>Am kommenden Donnerstag, den 19.01.2023, findet ab 18:10 Uhr im Bundestag eine Debatte zum Thema #MECFS statt. Beraten wird ein Antrag der CDU\/CSU-Fraktion: <em>\u201eME\/CFS-Betroffenen sowie deren Angeh\u00f6rigen helfen \u2013 F\u00fcr eine bessere Gesundheits- sowie Therapieversorgung, Aufkl\u00e4rung und Anerkennung\u201c.<\/em> Nie zuvor hat es einen Antrag zum Thema ME\/CFS im Bundestag gegeben! Zudem enth\u00e4lt der Antrag zahlreiche Punkte, die auch Gegenstand der #SIGNforMECFS-Petition an den Bundestag sind.<\/p>\n\n\n\n<p><strong>Aus diesem wichtigen Anlass wollen wir am 19.01. in den sozialen Medien auf dieses Ereignis und auf unsere Situation aufmerksam machen:<\/strong> Postet an diesem Tag auf Euren Social-Media-Kan\u00e4len Fotos Eurer Schuhe bzw. der Schuhe an ME\/CFS Erkrankter, versehen mit dem Hashtag <strong>#MECFSimBundestag<\/strong>, schreibt dazu, wie lange ihr schon erkrankt und ohne Versorgung seid und bittet die Abgeordneten, sich f\u00fcr uns einzusetzen! Am besten geeignet sind hierf\u00fcr als Adressaten die Abgeordneten des Gesundheitsausschusses, andere Gesundheitspolitiker sowie nat\u00fcrlich die Abgeordneten aus Eurem jeweiligen Wahlkreis.<\/p>\n\n\n\n<br>\n\n\n\n<p><strong>Weitere Informationen<\/strong><\/p>\n\n\n\n<p><a rel=\"noreferrer noopener\" href=\"https:\/\/www.bundestag.de\/mediathek\/live\" target=\"_blank\">Link zur Live-\u00dcbertragung im Parlamentsfernsehen<\/a><br><a rel=\"noreferrer noopener\" href=\"https:\/\/www.bundestag.de\/dokumente\/textarchiv\/2023\/kw03-de-me-cfs-927044\" target=\"_blank\">Ank\u00fcndigung der Debatte auf der Seite des Bundestages<\/a> <br><a href=\"https:\/\/dserver.bundestag.de\/btd\/20\/048\/2004886.pdf\">Text des ME\/CFS-Antrages der CDU\/CSU-Fraktion<\/a> (pdf)<br><a href=\"https:\/\/www.bundestag.de\/gesundheit\" target=\"_blank\" rel=\"noreferrer noopener\">Seite des Gesundheitsausschusses mit Liste der Mitglieder<\/a> <\/p>\n\n\n\n<br>\n\n\n\n<figure class=\"wp-block-image size-large is-resized\"><img loading=\"lazy\" decoding=\"async\" src=\"https:\/\/signformecfs.de\/wp-content\/uploads\/2023\/01\/Schuhe-neue-Uhrzeit-1024x1024.jpg\" alt=\"\" class=\"wp-image-918\" width=\"800\" height=\"800\" srcset=\"https:\/\/signformecfs.de\/wp-content\/uploads\/2023\/01\/Schuhe-neue-Uhrzeit-1024x1024.jpg 1024w, https:\/\/signformecfs.de\/wp-content\/uploads\/2023\/01\/Schuhe-neue-Uhrzeit-300x300.jpg 300w, https:\/\/signformecfs.de\/wp-content\/uploads\/2023\/01\/Schuhe-neue-Uhrzeit-150x150.jpg 150w, https:\/\/signformecfs.de\/wp-content\/uploads\/2023\/01\/Schuhe-neue-Uhrzeit-768x768.jpg 768w, https:\/\/signformecfs.de\/wp-content\/uploads\/2023\/01\/Schuhe-neue-Uhrzeit.jpg 1080w\" sizes=\"auto, (max-width: 800px) 100vw, 800px\" \/><figcaption class=\"wp-element-caption\">#MECFSimBundestag am 19. Januar 2023 ab 16:45 Uhr<\/figcaption><\/figure>\n","protected":false},"excerpt":{"rendered":"<p>Gemeinsame Aktion von #MillionsMissing Deutschland und dem Team #SIGNforMECFS Am kommenden Donnerstag, den 19.01.2023, findet ab 18:10 Uhr im Bundestag eine Debatte zum Thema #MECFS statt. Beraten wird ein Antrag der CDU\/CSU-Fraktion: \u201eME\/CFS-Betroffenen sowie deren Angeh\u00f6rigen helfen \u2013 F\u00fcr eine bessere Gesundheits- sowie Therapieversorgung, Aufkl\u00e4rung und Anerkennung\u201c. Nie zuvor hat es einen Antrag zum Thema&hellip; <br \/> <a class=\"read-more\" href=\"https:\/\/signformecfs.de\/?page_id=897\">Weiterlesen<\/a><\/p>\n","protected":false},"author":1,"featured_media":0,"parent":0,"menu_order":0,"comment_status":"closed","ping_status":"closed","template":"","meta":{"footnotes":""},"class_list":["post-897","page","type-page","status-publish","hentry"],"_links":{"self":[{"href":"https:\/\/signformecfs.de\/index.php?rest_route=\/wp\/v2\/pages\/897","targetHints":{"allow":["GET"]}}],"collection":[{"href":"https:\/\/signformecfs.de\/index.php?rest_route=\/wp\/v2\/pages"}],"about":[{"href":"https:\/\/signformecfs.de\/index.php?rest_route=\/wp\/v2\/types\/page"}],"author":[{"embeddable":true,"href":"https:\/\/signformecfs.de\/index.php?rest_route=\/wp\/v2\/users\/1"}],"replies":[{"embeddable":true,"href":"https:\/\/signformecfs.de\/index.php?rest_route=%2Fwp%2Fv2%2Fcomments&post=897"}],"version-history":[{"count":13,"href":"https:\/\/signformecfs.de\/index.php?rest_route=\/wp\/v2\/pages\/897\/revisions"}],"predecessor-version":[{"id":920,"href":"https:\/\/signformecfs.de\/index.php?rest_route=\/wp\/v2\/pages\/897\/revisions\/920"}],"wp:attachment":[{"href":"https:\/\/signformecfs.de\/index.php?rest_route=%2Fwp%2Fv2%2Fmedia&parent=897"}],"curies":[{"name":"wp","href":"https:\/\/api.w.org\/{rel}","templated":true}]}}